{"id":1420,"date":"2024-10-10T16:31:37","date_gmt":"2024-10-10T16:31:37","guid":{"rendered":"https:\/\/eakurssi.net\/?post_type=product&#038;p=1420"},"modified":"2025-12-09T20:17:02","modified_gmt":"2025-12-09T20:17:02","slug":"sahkotyon-hataensiapukurssi-4h","status":"publish","type":"product","link":"https:\/\/eakurssi.net\/fi\/tuote\/sahkotyon-hataensiapukurssi-4h\/","title":{"rendered":"S\u00e4hk\u00f6ty\u00f6n H\u00e4t\u00e4ensiapukurssi 4h"},"content":{"rendered":"<p>S\u00e4hk\u00f6ty\u00f6n H\u00e4t\u00e4ensiapukurssi 4h tavoitteena on antaa osallistujille valmiudet henke\u00e4 pelastavaan ensiapuun sek\u00e4 opettaa, miten ennaltaehk\u00e4ist\u00e4 ja v\u00e4ltt\u00e4\u00e4 tapaturmia. Kurssi keskittyy erityisesti s\u00e4hk\u00f6tapaturmiin ja niiden ehk\u00e4isyyn.<\/p>\n<p>Kurssi t\u00e4ytt\u00e4\u00e4 sek\u00e4 SFS 6002 -standardin ett\u00e4 TUKESin vaatimukset s\u00e4hk\u00f6ty\u00f6t\u00e4 tekevien ensiapukoulutukselle. Verkkokurssin oppitunnit koostuvat tekstist\u00e4, teht\u00e4vist\u00e4, videoista ja harjotteista.<\/p>\n<p>Voit suorittaa s\u00e4hk\u00f6ty\u00f6n h\u00e4t\u00e4ensiapukurssin 4h joustavasti ajasta ja paikasta riippumatta. Kurssin voi k\u00e4yd\u00e4 omaan tahtiin tietokoneella tai \u00e4lylaitteella ja p\u00e4\u00e4set suorittamaan kurssia heti kurssin tilattuasi.<\/p>\n<p>Huomioithan, ett\u00e4 tietokoneessasi tulisi olla\u00a0<strong>uusin versio<\/strong>\u00a0jostakin seuraavista selaimista: Microsoft Edge, Firefox, Safari tai Chrome. Internet Exploreria ei suositella kurssin suorittamiseen.<\/p>\n<p>Saat kurssin suorittamisen j\u00e4lkeen digitaalisen suoritustodistuksen s\u00e4hk\u00f6postiin.<\/p>\n<p>Kurssin hinta on 99\u20ac + alv 25,5%.<\/p>","protected":false},"excerpt":{"rendered":"<p>S\u00e4hk\u00f6ty\u00f6n 4h ensiapukurssi tarjoaa valmiudet henke\u00e4 pelastavaan ensiapuun ja s\u00e4hk\u00f6tapaturmien ennaltaehk\u00e4isyyn. Verkkokurssi t\u00e4ytt\u00e4\u00e4 SFS 6002 -standardin ja TUKES<br \/>\nvaatimukset. Suorita kurssi joustavasti miss\u00e4 ja milloin tahansa.<\/p>","protected":false},"featured_media":1446,"template":"","meta":[],"product_brand":[],"product_cat":[49],"product_tag":[],"class_list":{"0":"post-1420","1":"product","2":"type-product","3":"status-publish","4":"has-post-thumbnail","6":"product_cat-courses","8":"first","9":"instock","10":"virtual","11":"taxable","12":"purchasable","13":"product-type-simple"},"yoast_head":"<!-- This site is optimized with the Yoast SEO plugin v27.2 - https:\/\/yoast.com\/product\/yoast-seo-wordpress\/ -->\n<title>S\u00e4hk\u00f6ty\u00f6n H\u00e4t\u00e4ensiapukurssi 4h - EAKurssi.net<\/title>\n<meta name=\"description\" content=\"S\u00e4hk\u00f6ty\u00f6n 4h ensiapukurssi tarjoaa valmiudet henke\u00e4 pelastavaan ensiapuun ja s\u00e4hk\u00f6tapaturmien ennaltaehk\u00e4isyyn. SFS 6002 -standardin t\u00e4ytt\u00e4v\u00e4 ensiapukurssi.\" \/>\n<meta name=\"robots\" content=\"index, follow, max-snippet:-1, max-image-preview:large, max-video-preview:-1\" \/>\n<link rel=\"canonical\" href=\"https:\/\/eakurssi.net\/fi\/product\/sahkotyon-hataensiapukurssi-4h\/\" \/>\n<meta property=\"og:locale\" content=\"fi_FI\" \/>\n<meta property=\"og:type\" content=\"article\" \/>\n<meta property=\"og:title\" content=\"S\u00e4hk\u00f6ty\u00f6n H\u00e4t\u00e4ensiapukurssi 4h - EAKurssi.net\" \/>\n<meta property=\"og:description\" content=\"S\u00e4hk\u00f6ty\u00f6n 4h ensiapukurssi tarjoaa valmiudet henke\u00e4 pelastavaan ensiapuun ja s\u00e4hk\u00f6tapaturmien ennaltaehk\u00e4isyyn. SFS 6002 -standardin t\u00e4ytt\u00e4v\u00e4 ensiapukurssi.\" \/>\n<meta property=\"og:url\" content=\"https:\/\/eakurssi.net\/fi\/product\/sahkotyon-hataensiapukurssi-4h\/\" \/>\n<meta property=\"og:site_name\" content=\"EAKurssi.net\" \/>\n<meta property=\"article:modified_time\" content=\"2025-12-09T20:17:02+00:00\" \/>\n<meta property=\"og:image\" content=\"https:\/\/eakurssi.net\/wp-content\/uploads\/2024\/09\/putoaminen.png\" \/>\n\t<meta property=\"og:image:width\" content=\"733\" \/>\n\t<meta property=\"og:image:height\" content=\"577\" \/>\n\t<meta property=\"og:image:type\" content=\"image\/png\" \/>\n<meta name=\"twitter:card\" content=\"summary_large_image\" \/>\n<meta name=\"twitter:label1\" content=\"Arvioitu lukuaika\" \/>\n\t<meta name=\"twitter:data1\" content=\"1 minuutti\" \/>\n<script type=\"application\/ld+json\" class=\"yoast-schema-graph\">{\"@context\":\"https:\/\/schema.org\",\"@graph\":[{\"@type\":\"WebPage\",\"@id\":\"https:\/\/eakurssi.net\/product\/sahkotyon-hataensiapukurssi-4h\/\",\"url\":\"https:\/\/eakurssi.net\/product\/sahkotyon-hataensiapukurssi-4h\/\",\"name\":\"S\u00e4hk\u00f6ty\u00f6n H\u00e4t\u00e4ensiapukurssi 4h - EAKurssi.net\",\"isPartOf\":{\"@id\":\"https:\/\/eakurssi.net\/fi\/#website\"},\"primaryImageOfPage\":{\"@id\":\"https:\/\/eakurssi.net\/product\/sahkotyon-hataensiapukurssi-4h\/#primaryimage\"},\"image\":{\"@id\":\"https:\/\/eakurssi.net\/product\/sahkotyon-hataensiapukurssi-4h\/#primaryimage\"},\"thumbnailUrl\":\"https:\/\/eakurssi.net\/wp-content\/uploads\/2024\/09\/putoaminen.png\",\"datePublished\":\"2024-10-10T16:31:37+00:00\",\"dateModified\":\"2025-12-09T20:17:02+00:00\",\"description\":\"S\u00e4hk\u00f6ty\u00f6n 4h ensiapukurssi tarjoaa valmiudet henke\u00e4 pelastavaan ensiapuun ja s\u00e4hk\u00f6tapaturmien ennaltaehk\u00e4isyyn. SFS 6002 -standardin t\u00e4ytt\u00e4v\u00e4 ensiapukurssi.\",\"breadcrumb\":{\"@id\":\"https:\/\/eakurssi.net\/product\/sahkotyon-hataensiapukurssi-4h\/#breadcrumb\"},\"inLanguage\":\"fi\",\"potentialAction\":[{\"@type\":\"ReadAction\",\"target\":[\"https:\/\/eakurssi.net\/product\/sahkotyon-hataensiapukurssi-4h\/\"]}]},{\"@type\":\"ImageObject\",\"inLanguage\":\"fi\",\"@id\":\"https:\/\/eakurssi.net\/product\/sahkotyon-hataensiapukurssi-4h\/#primaryimage\",\"url\":\"https:\/\/eakurssi.net\/wp-content\/uploads\/2024\/09\/putoaminen.png\",\"contentUrl\":\"https:\/\/eakurssi.net\/wp-content\/uploads\/2024\/09\/putoaminen.png\",\"width\":733,\"height\":577},{\"@type\":\"BreadcrumbList\",\"@id\":\"https:\/\/eakurssi.net\/product\/sahkotyon-hataensiapukurssi-4h\/#breadcrumb\",\"itemListElement\":[{\"@type\":\"ListItem\",\"position\":1,\"name\":\"Home\",\"item\":\"https:\/\/eakurssi.net\/\"},{\"@type\":\"ListItem\",\"position\":2,\"name\":\"Shop\",\"item\":\"https:\/\/eakurssi.net\/shop\/\"},{\"@type\":\"ListItem\",\"position\":3,\"name\":\"S\u00e4hk\u00f6ty\u00f6n H\u00e4t\u00e4ensiapukurssi 4h\"}]},{\"@type\":\"WebSite\",\"@id\":\"https:\/\/eakurssi.net\/fi\/#website\",\"url\":\"https:\/\/eakurssi.net\/fi\/\",\"name\":\"EAKurssi.net\",\"description\":\"\",\"publisher\":{\"@id\":\"https:\/\/eakurssi.net\/fi\/#organization\"},\"potentialAction\":[{\"@type\":\"SearchAction\",\"target\":{\"@type\":\"EntryPoint\",\"urlTemplate\":\"https:\/\/eakurssi.net\/fi\/?s={search_term_string}\"},\"query-input\":{\"@type\":\"PropertyValueSpecification\",\"valueRequired\":true,\"valueName\":\"search_term_string\"}}],\"inLanguage\":\"fi\"},{\"@type\":\"Organization\",\"@id\":\"https:\/\/eakurssi.net\/fi\/#organization\",\"name\":\"EAKurssi.net\",\"url\":\"https:\/\/eakurssi.net\/fi\/\",\"logo\":{\"@type\":\"ImageObject\",\"inLanguage\":\"fi\",\"@id\":\"https:\/\/eakurssi.net\/fi\/#\/schema\/logo\/image\/\",\"url\":\"https:\/\/eakurssi.net\/wp-content\/uploads\/2023\/12\/logo-sininen-1-1.png\",\"contentUrl\":\"https:\/\/eakurssi.net\/wp-content\/uploads\/2023\/12\/logo-sininen-1-1.png\",\"width\":2329,\"height\":502,\"caption\":\"EAKurssi.net\"},\"image\":{\"@id\":\"https:\/\/eakurssi.net\/fi\/#\/schema\/logo\/image\/\"}}]}<\/script>\n<!-- \/ Yoast SEO plugin. -->","yoast_head_json":{"title":"S\u00e4hk\u00f6ty\u00f6n H\u00e4t\u00e4ensiapukurssi 4h - EAKurssi.net","description":"S\u00e4hk\u00f6ty\u00f6n 4h ensiapukurssi tarjoaa valmiudet henke\u00e4 pelastavaan ensiapuun ja s\u00e4hk\u00f6tapaturmien ennaltaehk\u00e4isyyn. SFS 6002 -standardin t\u00e4ytt\u00e4v\u00e4 ensiapukurssi.","robots":{"index":"index","follow":"follow","max-snippet":"max-snippet:-1","max-image-preview":"max-image-preview:large","max-video-preview":"max-video-preview:-1"},"canonical":"https:\/\/eakurssi.net\/fi\/product\/sahkotyon-hataensiapukurssi-4h\/","og_locale":"fi_FI","og_type":"article","og_title":"S\u00e4hk\u00f6ty\u00f6n H\u00e4t\u00e4ensiapukurssi 4h - EAKurssi.net","og_description":"S\u00e4hk\u00f6ty\u00f6n 4h ensiapukurssi tarjoaa valmiudet henke\u00e4 pelastavaan ensiapuun ja s\u00e4hk\u00f6tapaturmien ennaltaehk\u00e4isyyn. SFS 6002 -standardin t\u00e4ytt\u00e4v\u00e4 ensiapukurssi.","og_url":"https:\/\/eakurssi.net\/fi\/product\/sahkotyon-hataensiapukurssi-4h\/","og_site_name":"EAKurssi.net","article_modified_time":"2025-12-09T20:17:02+00:00","og_image":[{"width":733,"height":577,"url":"https:\/\/eakurssi.net\/wp-content\/uploads\/2024\/09\/putoaminen.png","type":"image\/png"}],"twitter_card":"summary_large_image","twitter_misc":{"Arvioitu lukuaika":"1 minuutti"},"schema":{"@context":"https:\/\/schema.org","@graph":[{"@type":"WebPage","@id":"https:\/\/eakurssi.net\/product\/sahkotyon-hataensiapukurssi-4h\/","url":"https:\/\/eakurssi.net\/product\/sahkotyon-hataensiapukurssi-4h\/","name":"S\u00e4hk\u00f6ty\u00f6n H\u00e4t\u00e4ensiapukurssi 4h - EAKurssi.net","isPartOf":{"@id":"https:\/\/eakurssi.net\/fi\/#website"},"primaryImageOfPage":{"@id":"https:\/\/eakurssi.net\/product\/sahkotyon-hataensiapukurssi-4h\/#primaryimage"},"image":{"@id":"https:\/\/eakurssi.net\/product\/sahkotyon-hataensiapukurssi-4h\/#primaryimage"},"thumbnailUrl":"https:\/\/eakurssi.net\/wp-content\/uploads\/2024\/09\/putoaminen.png","datePublished":"2024-10-10T16:31:37+00:00","dateModified":"2025-12-09T20:17:02+00:00","description":"S\u00e4hk\u00f6ty\u00f6n 4h ensiapukurssi tarjoaa valmiudet henke\u00e4 pelastavaan ensiapuun ja s\u00e4hk\u00f6tapaturmien ennaltaehk\u00e4isyyn. SFS 6002 -standardin t\u00e4ytt\u00e4v\u00e4 ensiapukurssi.","breadcrumb":{"@id":"https:\/\/eakurssi.net\/product\/sahkotyon-hataensiapukurssi-4h\/#breadcrumb"},"inLanguage":"fi","potentialAction":[{"@type":"ReadAction","target":["https:\/\/eakurssi.net\/product\/sahkotyon-hataensiapukurssi-4h\/"]}]},{"@type":"ImageObject","inLanguage":"fi","@id":"https:\/\/eakurssi.net\/product\/sahkotyon-hataensiapukurssi-4h\/#primaryimage","url":"https:\/\/eakurssi.net\/wp-content\/uploads\/2024\/09\/putoaminen.png","contentUrl":"https:\/\/eakurssi.net\/wp-content\/uploads\/2024\/09\/putoaminen.png","width":733,"height":577},{"@type":"BreadcrumbList","@id":"https:\/\/eakurssi.net\/product\/sahkotyon-hataensiapukurssi-4h\/#breadcrumb","itemListElement":[{"@type":"ListItem","position":1,"name":"Home","item":"https:\/\/eakurssi.net\/"},{"@type":"ListItem","position":2,"name":"Shop","item":"https:\/\/eakurssi.net\/shop\/"},{"@type":"ListItem","position":3,"name":"S\u00e4hk\u00f6ty\u00f6n H\u00e4t\u00e4ensiapukurssi 4h"}]},{"@type":"WebSite","@id":"https:\/\/eakurssi.net\/fi\/#website","url":"https:\/\/eakurssi.net\/fi\/","name":"EAKurssi.net","description":"","publisher":{"@id":"https:\/\/eakurssi.net\/fi\/#organization"},"potentialAction":[{"@type":"SearchAction","target":{"@type":"EntryPoint","urlTemplate":"https:\/\/eakurssi.net\/fi\/?s={search_term_string}"},"query-input":{"@type":"PropertyValueSpecification","valueRequired":true,"valueName":"search_term_string"}}],"inLanguage":"fi"},{"@type":"Organization","@id":"https:\/\/eakurssi.net\/fi\/#organization","name":"EAKurssi.net","url":"https:\/\/eakurssi.net\/fi\/","logo":{"@type":"ImageObject","inLanguage":"fi","@id":"https:\/\/eakurssi.net\/fi\/#\/schema\/logo\/image\/","url":"https:\/\/eakurssi.net\/wp-content\/uploads\/2023\/12\/logo-sininen-1-1.png","contentUrl":"https:\/\/eakurssi.net\/wp-content\/uploads\/2023\/12\/logo-sininen-1-1.png","width":2329,"height":502,"caption":"EAKurssi.net"},"image":{"@id":"https:\/\/eakurssi.net\/fi\/#\/schema\/logo\/image\/"}}]}},"_links":{"self":[{"href":"https:\/\/eakurssi.net\/fi\/wp-json\/wp\/v2\/product\/1420","targetHints":{"allow":["GET"]}}],"collection":[{"href":"https:\/\/eakurssi.net\/fi\/wp-json\/wp\/v2\/product"}],"about":[{"href":"https:\/\/eakurssi.net\/fi\/wp-json\/wp\/v2\/types\/product"}],"wp:featuredmedia":[{"embeddable":true,"href":"https:\/\/eakurssi.net\/fi\/wp-json\/wp\/v2\/media\/1446"}],"wp:attachment":[{"href":"https:\/\/eakurssi.net\/fi\/wp-json\/wp\/v2\/media?parent=1420"}],"wp:term":[{"taxonomy":"product_brand","embeddable":true,"href":"https:\/\/eakurssi.net\/fi\/wp-json\/wp\/v2\/product_brand?post=1420"},{"taxonomy":"product_cat","embeddable":true,"href":"https:\/\/eakurssi.net\/fi\/wp-json\/wp\/v2\/product_cat?post=1420"},{"taxonomy":"product_tag","embeddable":true,"href":"https:\/\/eakurssi.net\/fi\/wp-json\/wp\/v2\/product_tag?post=1420"}],"curies":[{"name":"wp","href":"https:\/\/api.w.org\/{rel}","templated":true}]}}