{"id":6,"date":"2023-12-24T02:14:10","date_gmt":"2023-12-24T02:14:10","guid":{"rendered":"https:\/\/eakurssi.net\/cart\/"},"modified":"2024-10-14T12:59:20","modified_gmt":"2024-10-14T12:59:20","slug":"cart","status":"publish","type":"page","link":"https:\/\/eakurssi.net\/fi\/cart\/","title":{"rendered":"Ostoskori"},"content":{"rendered":"<style>.elementor-6 .elementor-element.elementor-element-57edafc1{--display:flex;}<\/style>\t\t<div data-elementor-type=\"wp-page\" data-elementor-id=\"6\" class=\"elementor elementor-6\" data-elementor-post-type=\"page\">\n\t\t\t\t<div class=\"elementor-element elementor-element-57edafc1 e-flex e-con-boxed e-con e-parent\" data-id=\"57edafc1\" data-element_type=\"container\" data-e-type=\"container\">\n\t\t\t\t\t<div class=\"e-con-inner\">\n\t\t\t\t<div class=\"elementor-element elementor-element-6187e5af elementor-widget elementor-widget-text-editor\" data-id=\"6187e5af\" data-element_type=\"widget\" data-e-type=\"widget\" data-widget_type=\"text-editor.default\">\n\t\t\t\t<div class=\"elementor-widget-container\">\n\t\t\t\t\t\t\t\t\t\n<div data-block-name=\"woocommerce\/cart\" class=\"wp-block-woocommerce-cart alignwide is-loading\">\n<div data-block-name=\"woocommerce\/filled-cart-block\" class=\"wp-block-woocommerce-filled-cart-block\">\n<div data-block-name=\"woocommerce\/cart-items-block\" class=\"wp-block-woocommerce-cart-items-block\">\n<div data-block-name=\"woocommerce\/cart-line-items-block\" class=\"wp-block-woocommerce-cart-line-items-block\"><\/div>\n\n\n\n<div data-block-name=\"woocommerce\/cart-cross-sells-block\" class=\"wp-block-woocommerce-cart-cross-sells-block\">\n<h2 class=\"wp-block-heading has-large-font-size\">You may be interested in\u2026<\/h2>\n\n\n\n<div data-block-name=\"woocommerce\/cart-cross-sells-products-block\" class=\"wp-block-woocommerce-cart-cross-sells-products-block\"><\/div>\n<\/div>\n<\/div>\n\n\n\n<div data-block-name=\"woocommerce\/cart-totals-block\" class=\"wp-block-woocommerce-cart-totals-block\">\n<div data-block-name=\"woocommerce\/cart-order-summary-block\" class=\"wp-block-woocommerce-cart-order-summary-block\">\n<div data-block-name=\"woocommerce\/cart-order-summary-heading-block\" class=\"wp-block-woocommerce-cart-order-summary-heading-block\"><\/div><div data-block-name=\"woocommerce\/cart-order-summary-coupon-form-block\" class=\"wp-block-woocommerce-cart-order-summary-coupon-form-block\"><\/div><div data-block-name=\"woocommerce\/cart-order-summary-totals-block\" class=\"wp-block-woocommerce-cart-order-summary-totals-block\">\n<div data-block-name=\"woocommerce\/cart-order-summary-subtotal-block\" class=\"wp-block-woocommerce-cart-order-summary-subtotal-block\"><\/div>\n<div data-block-name=\"woocommerce\/cart-order-summary-discount-block\" class=\"wp-block-woocommerce-cart-order-summary-discount-block\"><\/div>\n<div data-block-name=\"woocommerce\/cart-order-summary-fee-block\" class=\"wp-block-woocommerce-cart-order-summary-fee-block\"><\/div>\n<div data-block-name=\"woocommerce\/cart-order-summary-shipping-block\" class=\"wp-block-woocommerce-cart-order-summary-shipping-block\"><\/div>\n<div data-block-name=\"woocommerce\/cart-order-summary-taxes-block\" class=\"wp-block-woocommerce-cart-order-summary-taxes-block\"><\/div><\/div>\n<\/div>\n\n\n\n<div data-block-name=\"woocommerce\/cart-express-payment-block\" class=\"wp-block-woocommerce-cart-express-payment-block\"><\/div>\n\n\n\n<div data-block-name=\"woocommerce\/proceed-to-checkout-block\" class=\"wp-block-woocommerce-proceed-to-checkout-block\"><\/div>\n\n\n\n<div data-block-name=\"woocommerce\/cart-accepted-payment-methods-block\" class=\"wp-block-woocommerce-cart-accepted-payment-methods-block\"><\/div>\n<\/div>\n<\/div>\n\n\n\n<div data-block-name=\"woocommerce\/empty-cart-block\" class=\"wp-block-woocommerce-empty-cart-block\">\n<h2 class=\"wp-block-heading has-text-align-center with-empty-cart-icon wc-block-cart__empty-cart__title\">Your cart is currently empty!<\/h2>\n\n\n\n<hr class=\"wp-block-separator has-alpha-channel-opacity is-style-dots\"\/>\n\n\n\n<h2 class=\"wp-block-heading has-text-align-center\">New in store<\/h2>\n\n\n<div data-block-name=\"woocommerce\/product-new\" data-columns=\"4\" data-rows=\"1\" class=\"wc-block-grid wp-block-product-new wp-block-woocommerce-product-new wc-block-product-new has-4-columns\"><ul class=\"wc-block-grid__products\"><li class=\"wc-block-grid__product\">\n\t\t\t\t<a href=\"https:\/\/eakurssi.net\/fi\/tuote\/sahkotyon-hataensiapukurssi-4h\/\" class=\"wc-block-grid__product-link\">\n\t\t\t\t\t\n\t\t\t\t\t<div class=\"wc-block-grid__product-image\"><img fetchpriority=\"high\" decoding=\"async\" width=\"300\" height=\"300\" src=\"https:\/\/eakurssi.net\/wp-content\/uploads\/2024\/09\/putoaminen-300x300.png\" class=\"attachment-woocommerce_thumbnail size-woocommerce_thumbnail\" alt=\"S\u00e4hk\u00f6ty\u00f6n H\u00e4t\u00e4ensiapukurssi 4h\" srcset=\"https:\/\/eakurssi.net\/wp-content\/uploads\/2024\/09\/putoaminen-300x300.png 300w, https:\/\/eakurssi.net\/wp-content\/uploads\/2024\/09\/putoaminen-150x150.png 150w, https:\/\/eakurssi.net\/wp-content\/uploads\/2024\/09\/putoaminen-100x100.png 100w\" sizes=\"(max-width: 300px) 100vw, 300px\" \/><\/div>\n\t\t\t\t\t<div class=\"wc-block-grid__product-title\">S\u00e4hk\u00f6ty\u00f6n H\u00e4t\u00e4ensiapukurssi 4h<\/div>\n\t\t\t\t<\/a>\n\t\t\t\t<div class=\"wc-block-grid__product-price price\"><span class=\"woocommerce-Price-amount amount\"><bdi>99,00&nbsp;<span class=\"woocommerce-Price-currencySymbol\">&euro;<\/span><\/bdi><\/span><\/div>\n\t\t\t\t\n\t\t\t\t<div class=\"wp-block-button wc-block-grid__product-add-to-cart\"><a href=\"\/fi\/wp-json\/wp\/v2\/pages\/6?add-to-cart=1420\" aria-label=\"Lis\u00e4\u00e4 koriin\" data-quantity=\"1\" data-product_id=\"1420\" data-product_sku=\"\" data-price=\"99\" rel=\"nofollow\" class=\"wp-block-button__link  add_to_cart_button ajax_add_to_cart\" data-no-translation=\"\" data-trp-gettext=\"\" data-no-translation-aria-label=\"\">Lis\u00e4\u00e4 ostoskoriin<\/a><\/div>\n\t\t\t<\/li><li class=\"wc-block-grid__product\">\n\t\t\t\t<a href=\"https:\/\/eakurssi.net\/fi\/tuote\/test_prod\/\" class=\"wc-block-grid__product-link\">\n\t\t\t\t\t\n\t\t\t\t\t<div class=\"wc-block-grid__product-image\"><img decoding=\"async\" width=\"300\" height=\"300\" src=\"https:\/\/eakurssi.net\/wp-content\/uploads\/woocommerce-placeholder-300x300.png\" class=\"woocommerce-placeholder wp-post-image\" alt=\"\" srcset=\"https:\/\/eakurssi.net\/wp-content\/uploads\/woocommerce-placeholder-300x300.png 300w, https:\/\/eakurssi.net\/wp-content\/uploads\/woocommerce-placeholder-100x100.png 100w, https:\/\/eakurssi.net\/wp-content\/uploads\/woocommerce-placeholder-600x600.png 600w, https:\/\/eakurssi.net\/wp-content\/uploads\/woocommerce-placeholder-1024x1024.png 1024w, https:\/\/eakurssi.net\/wp-content\/uploads\/woocommerce-placeholder-150x150.png 150w, https:\/\/eakurssi.net\/wp-content\/uploads\/woocommerce-placeholder-768x768.png 768w, https:\/\/eakurssi.net\/wp-content\/uploads\/woocommerce-placeholder.png 1200w\" sizes=\"(max-width: 300px) 100vw, 300px\" \/><\/div>\n\t\t\t\t\t<div class=\"wc-block-grid__product-title\">Test_prod<\/div>\n\t\t\t\t<\/a>\n\t\t\t\t<div class=\"wc-block-grid__product-price price\"><span class=\"woocommerce-Price-amount amount\"><bdi>1,00&nbsp;<span class=\"woocommerce-Price-currencySymbol\">&euro;<\/span><\/bdi><\/span><\/div>\n\t\t\t\t\n\t\t\t\t<div class=\"wp-block-button wc-block-grid__product-add-to-cart\"><a href=\"\/fi\/wp-json\/wp\/v2\/pages\/6?add-to-cart=583\" aria-label=\"Lis\u00e4\u00e4 koriin\" data-quantity=\"1\" data-product_id=\"583\" data-product_sku=\"\" data-price=\"1\" rel=\"nofollow\" class=\"wp-block-button__link  add_to_cart_button ajax_add_to_cart\" data-no-translation=\"\" data-trp-gettext=\"\" data-no-translation-aria-label=\"\">Lis\u00e4\u00e4 ostoskoriin<\/a><\/div>\n\t\t\t<\/li><li class=\"wc-block-grid__product\">\n\t\t\t\t<a href=\"https:\/\/eakurssi.net\/fi\/tuote\/ensiavun-peruskurssi-16h\/\" class=\"wc-block-grid__product-link\">\n\t\t\t\t\t\n\t\t\t\t\t<div class=\"wc-block-grid__product-image\"><img decoding=\"async\" width=\"300\" height=\"300\" src=\"https:\/\/eakurssi.net\/wp-content\/uploads\/2023\/12\/group-diverse-people-cpr-training-class-1-300x300.jpg\" class=\"attachment-woocommerce_thumbnail size-woocommerce_thumbnail\" alt=\"Ensiavun Peruskurssi 16h\" srcset=\"https:\/\/eakurssi.net\/wp-content\/uploads\/2023\/12\/group-diverse-people-cpr-training-class-1-300x300.jpg 300w, https:\/\/eakurssi.net\/wp-content\/uploads\/2023\/12\/group-diverse-people-cpr-training-class-1-150x150.jpg 150w, https:\/\/eakurssi.net\/wp-content\/uploads\/2023\/12\/group-diverse-people-cpr-training-class-1-100x100.jpg 100w\" sizes=\"(max-width: 300px) 100vw, 300px\" \/><\/div>\n\t\t\t\t\t<div class=\"wc-block-grid__product-title\">Ensiavun Peruskurssi 16h<\/div>\n\t\t\t\t<\/a>\n\t\t\t\t<div class=\"wc-block-grid__product-price price\"><span class=\"woocommerce-Price-amount amount\"><bdi>150,00&nbsp;<span class=\"woocommerce-Price-currencySymbol\">&euro;<\/span><\/bdi><\/span><\/div>\n\t\t\t\t\n\t\t\t\t<div class=\"wp-block-button wc-block-grid__product-add-to-cart\"><a href=\"\/fi\/wp-json\/wp\/v2\/pages\/6?add-to-cart=323\" aria-label=\"Lis\u00e4\u00e4 koriin\" data-quantity=\"1\" data-product_id=\"323\" data-product_sku=\"\" data-price=\"150\" rel=\"nofollow\" class=\"wp-block-button__link  add_to_cart_button ajax_add_to_cart\" data-no-translation=\"\" data-trp-gettext=\"\" data-no-translation-aria-label=\"\">Lis\u00e4\u00e4 ostoskoriin<\/a><\/div>\n\t\t\t<\/li><li class=\"wc-block-grid__product\">\n\t\t\t\t<a href=\"https:\/\/eakurssi.net\/fi\/tuote\/hataensiapukurssi-8h\/\" class=\"wc-block-grid__product-link\">\n\t\t\t\t\t\n\t\t\t\t\t<div class=\"wc-block-grid__product-image\"><img loading=\"lazy\" decoding=\"async\" width=\"300\" height=\"300\" src=\"https:\/\/eakurssi.net\/wp-content\/uploads\/2023\/12\/Free-Online-Course-2-300x300.jpg\" class=\"attachment-woocommerce_thumbnail size-woocommerce_thumbnail\" alt=\"H\u00e4t\u00e4ensiapukurssi 8h\" srcset=\"https:\/\/eakurssi.net\/wp-content\/uploads\/2023\/12\/Free-Online-Course-2-300x300.jpg 300w, https:\/\/eakurssi.net\/wp-content\/uploads\/2023\/12\/Free-Online-Course-2-100x100.jpg 100w, https:\/\/eakurssi.net\/wp-content\/uploads\/2023\/12\/Free-Online-Course-2-150x150.jpg 150w\" sizes=\"(max-width: 300px) 100vw, 300px\" \/><\/div>\n\t\t\t\t\t<div class=\"wc-block-grid__product-title\">H\u00e4t\u00e4ensiapukurssi 8h<\/div>\n\t\t\t\t<\/a>\n\t\t\t\t<div class=\"wc-block-grid__product-price price\"><span class=\"woocommerce-Price-amount amount\"><bdi>125,00&nbsp;<span class=\"woocommerce-Price-currencySymbol\">&euro;<\/span><\/bdi><\/span><\/div>\n\t\t\t\t\n\t\t\t\t<div class=\"wp-block-button wc-block-grid__product-add-to-cart\"><a href=\"\/fi\/wp-json\/wp\/v2\/pages\/6?add-to-cart=283\" aria-label=\"Lis\u00e4\u00e4 koriin\" data-quantity=\"1\" data-product_id=\"283\" data-product_sku=\"\" data-price=\"125\" rel=\"nofollow\" class=\"wp-block-button__link  add_to_cart_button ajax_add_to_cart\" data-no-translation=\"\" data-trp-gettext=\"\" data-no-translation-aria-label=\"\">Lis\u00e4\u00e4 ostoskoriin<\/a><\/div>\n\t\t\t<\/li><\/ul><\/div><\/div>\n<\/div>\n\t\t\t\t\t\t\t\t<\/div>\n\t\t\t\t<\/div>\n\t\t\t\t\t<\/div>\n\t\t\t\t<\/div>\n\t\t\t\t<\/div>","protected":false},"excerpt":{"rendered":"","protected":false},"author":1,"featured_media":0,"parent":0,"menu_order":0,"comment_status":"closed","ping_status":"closed","template":"","meta":{"footnotes":""},"class_list":["post-6","page","type-page","status-publish","hentry"],"yoast_head":"<!-- This site is optimized with the Yoast SEO plugin v27.2 - https:\/\/yoast.com\/product\/yoast-seo-wordpress\/ -->\n<title>Ostoskori - EAKurssi.net<\/title>\n<meta name=\"robots\" content=\"index, follow, max-snippet:-1, max-image-preview:large, max-video-preview:-1\" \/>\n<link rel=\"canonical\" href=\"https:\/\/eakurssi.net\/fi\/cart\/\" \/>\n<meta property=\"og:locale\" content=\"fi_FI\" \/>\n<meta property=\"og:type\" content=\"article\" \/>\n<meta property=\"og:title\" content=\"Ostoskori - EAKurssi.net\" \/>\n<meta property=\"og:url\" content=\"https:\/\/eakurssi.net\/fi\/cart\/\" \/>\n<meta property=\"og:site_name\" content=\"EAKurssi.net\" \/>\n<meta property=\"article:modified_time\" content=\"2024-10-14T12:59:20+00:00\" \/>\n<meta property=\"og:image\" content=\"https:\/\/eakurssi.net\/wp-content\/uploads\/2023\/12\/logo-sininen-1-1.png\" \/>\n\t<meta property=\"og:image:width\" content=\"2329\" \/>\n\t<meta property=\"og:image:height\" content=\"502\" \/>\n\t<meta property=\"og:image:type\" content=\"image\/png\" \/>\n<meta name=\"twitter:card\" content=\"summary_large_image\" \/>\n<meta name=\"twitter:label1\" content=\"Arvioitu lukuaika\" \/>\n\t<meta name=\"twitter:data1\" content=\"1 minuutti\" \/>\n<script type=\"application\/ld+json\" class=\"yoast-schema-graph\">{\"@context\":\"https:\/\/schema.org\",\"@graph\":[{\"@type\":\"WebPage\",\"@id\":\"https:\/\/eakurssi.net\/fi\/cart\/\",\"url\":\"https:\/\/eakurssi.net\/fi\/cart\/\",\"name\":\"Ostoskori - EAKurssi.net\",\"isPartOf\":{\"@id\":\"https:\/\/eakurssi.net\/fi\/#website\"},\"datePublished\":\"2023-12-24T02:14:10+00:00\",\"dateModified\":\"2024-10-14T12:59:20+00:00\",\"breadcrumb\":{\"@id\":\"https:\/\/eakurssi.net\/fi\/cart\/#breadcrumb\"},\"inLanguage\":\"fi\",\"potentialAction\":[{\"@type\":\"ReadAction\",\"target\":[\"https:\/\/eakurssi.net\/fi\/cart\/\"]}]},{\"@type\":\"BreadcrumbList\",\"@id\":\"https:\/\/eakurssi.net\/fi\/cart\/#breadcrumb\",\"itemListElement\":[{\"@type\":\"ListItem\",\"position\":1,\"name\":\"Home\",\"item\":\"https:\/\/eakurssi.net\/\"},{\"@type\":\"ListItem\",\"position\":2,\"name\":\"Ostoskori\"}]},{\"@type\":\"WebSite\",\"@id\":\"https:\/\/eakurssi.net\/fi\/#website\",\"url\":\"https:\/\/eakurssi.net\/fi\/\",\"name\":\"EAKurssi.net\",\"description\":\"\",\"publisher\":{\"@id\":\"https:\/\/eakurssi.net\/fi\/#organization\"},\"potentialAction\":[{\"@type\":\"SearchAction\",\"target\":{\"@type\":\"EntryPoint\",\"urlTemplate\":\"https:\/\/eakurssi.net\/fi\/?s={search_term_string}\"},\"query-input\":{\"@type\":\"PropertyValueSpecification\",\"valueRequired\":true,\"valueName\":\"search_term_string\"}}],\"inLanguage\":\"fi\"},{\"@type\":\"Organization\",\"@id\":\"https:\/\/eakurssi.net\/fi\/#organization\",\"name\":\"EAKurssi.net\",\"url\":\"https:\/\/eakurssi.net\/fi\/\",\"logo\":{\"@type\":\"ImageObject\",\"inLanguage\":\"fi\",\"@id\":\"https:\/\/eakurssi.net\/fi\/#\/schema\/logo\/image\/\",\"url\":\"https:\/\/eakurssi.net\/wp-content\/uploads\/2023\/12\/logo-sininen-1-1.png\",\"contentUrl\":\"https:\/\/eakurssi.net\/wp-content\/uploads\/2023\/12\/logo-sininen-1-1.png\",\"width\":2329,\"height\":502,\"caption\":\"EAKurssi.net\"},\"image\":{\"@id\":\"https:\/\/eakurssi.net\/fi\/#\/schema\/logo\/image\/\"}}]}<\/script>\n<!-- \/ Yoast SEO plugin. -->","yoast_head_json":{"title":"Ostoskori - EAKurssi.net","robots":{"index":"index","follow":"follow","max-snippet":"max-snippet:-1","max-image-preview":"max-image-preview:large","max-video-preview":"max-video-preview:-1"},"canonical":"https:\/\/eakurssi.net\/fi\/cart\/","og_locale":"fi_FI","og_type":"article","og_title":"Ostoskori - EAKurssi.net","og_url":"https:\/\/eakurssi.net\/fi\/cart\/","og_site_name":"EAKurssi.net","article_modified_time":"2024-10-14T12:59:20+00:00","og_image":[{"width":2329,"height":502,"url":"https:\/\/eakurssi.net\/wp-content\/uploads\/2023\/12\/logo-sininen-1-1.png","type":"image\/png"}],"twitter_card":"summary_large_image","twitter_misc":{"Arvioitu lukuaika":"1 minuutti"},"schema":{"@context":"https:\/\/schema.org","@graph":[{"@type":"WebPage","@id":"https:\/\/eakurssi.net\/fi\/cart\/","url":"https:\/\/eakurssi.net\/fi\/cart\/","name":"Ostoskori - EAKurssi.net","isPartOf":{"@id":"https:\/\/eakurssi.net\/fi\/#website"},"datePublished":"2023-12-24T02:14:10+00:00","dateModified":"2024-10-14T12:59:20+00:00","breadcrumb":{"@id":"https:\/\/eakurssi.net\/fi\/cart\/#breadcrumb"},"inLanguage":"fi","potentialAction":[{"@type":"ReadAction","target":["https:\/\/eakurssi.net\/fi\/cart\/"]}]},{"@type":"BreadcrumbList","@id":"https:\/\/eakurssi.net\/fi\/cart\/#breadcrumb","itemListElement":[{"@type":"ListItem","position":1,"name":"Home","item":"https:\/\/eakurssi.net\/"},{"@type":"ListItem","position":2,"name":"Ostoskori"}]},{"@type":"WebSite","@id":"https:\/\/eakurssi.net\/fi\/#website","url":"https:\/\/eakurssi.net\/fi\/","name":"EAKurssi.net","description":"","publisher":{"@id":"https:\/\/eakurssi.net\/fi\/#organization"},"potentialAction":[{"@type":"SearchAction","target":{"@type":"EntryPoint","urlTemplate":"https:\/\/eakurssi.net\/fi\/?s={search_term_string}"},"query-input":{"@type":"PropertyValueSpecification","valueRequired":true,"valueName":"search_term_string"}}],"inLanguage":"fi"},{"@type":"Organization","@id":"https:\/\/eakurssi.net\/fi\/#organization","name":"EAKurssi.net","url":"https:\/\/eakurssi.net\/fi\/","logo":{"@type":"ImageObject","inLanguage":"fi","@id":"https:\/\/eakurssi.net\/fi\/#\/schema\/logo\/image\/","url":"https:\/\/eakurssi.net\/wp-content\/uploads\/2023\/12\/logo-sininen-1-1.png","contentUrl":"https:\/\/eakurssi.net\/wp-content\/uploads\/2023\/12\/logo-sininen-1-1.png","width":2329,"height":502,"caption":"EAKurssi.net"},"image":{"@id":"https:\/\/eakurssi.net\/fi\/#\/schema\/logo\/image\/"}}]}},"_links":{"self":[{"href":"https:\/\/eakurssi.net\/fi\/wp-json\/wp\/v2\/pages\/6","targetHints":{"allow":["GET"]}}],"collection":[{"href":"https:\/\/eakurssi.net\/fi\/wp-json\/wp\/v2\/pages"}],"about":[{"href":"https:\/\/eakurssi.net\/fi\/wp-json\/wp\/v2\/types\/page"}],"author":[{"embeddable":true,"href":"https:\/\/eakurssi.net\/fi\/wp-json\/wp\/v2\/users\/1"}],"replies":[{"embeddable":true,"href":"https:\/\/eakurssi.net\/fi\/wp-json\/wp\/v2\/comments?post=6"}],"version-history":[{"count":3,"href":"https:\/\/eakurssi.net\/fi\/wp-json\/wp\/v2\/pages\/6\/revisions"}],"predecessor-version":[{"id":1583,"href":"https:\/\/eakurssi.net\/fi\/wp-json\/wp\/v2\/pages\/6\/revisions\/1583"}],"wp:attachment":[{"href":"https:\/\/eakurssi.net\/fi\/wp-json\/wp\/v2\/media?parent=6"}],"curies":[{"name":"wp","href":"https:\/\/api.w.org\/{rel}","templated":true}]}}